{"id":524,"date":"2016-02-26T07:47:01","date_gmt":"2016-02-26T07:47:01","guid":{"rendered":"https:\/\/blackletter.cl\/?page_id=524"},"modified":"2016-02-29T08:54:35","modified_gmt":"2016-02-29T08:54:35","slug":"galerias","status":"publish","type":"page","link":"https:\/\/blackletter.cl\/?page_id=524","title":{"rendered":"Galerias"},"content":{"rendered":"<div class=\"vw-post-box-layout vw-post-box-layout-classic-1-col\">\r\n\t\t<div class=\"vw-post-box-layout-title-wrapper\">\r\n\t\t<div class=\"row\">\r\n\t\t\t<div class=\"col-sm-12\">\r\n\t\t\t\t<h2 class=\"vw-post-box-layout-title\"><span class=\"vw-cat-id-36\"><strong>Galerias<\/strong><\/span><\/h2>\r\n\t\t\t<\/div>\r\n\t\t<\/div>\r\n\t<\/div>\r\n\t\t\r\n\t<div class=\"row\">\r\n\t\t<div class=\"col-sm-12\">\r\n\t\t\t<div class=\"block-grid block-grid-xs-1\">\r\n\r\n\t\t\t\t\t\t\t<div class=\"block-grid-item\">\r\n\t\t\t\t<div class=\"vw-post-box vw-post-box-style-left-thumbnail vw-post-box-classic clearfix\">\r\n\t<a class=\"vw-post-box-thumbnail\" href=\"https:\/\/blackletter.cl\/?p=516\" rel=\"bookmark\"><img loading=\"lazy\" decoding=\"async\" width=\"230\" height=\"230\" src=\"https:\/\/blackletter.cl\/wp-content\/uploads\/2016\/02\/galeria-trinity-nightclub-230x230.jpg\" class=\"attachment-vw_medium_squared_thumbnail size-vw_medium_squared_thumbnail wp-post-image\" alt=\"\" srcset=\"https:\/\/blackletter.cl\/wp-content\/uploads\/2016\/02\/galeria-trinity-nightclub-230x230.jpg 230w, https:\/\/blackletter.cl\/wp-content\/uploads\/2016\/02\/galeria-trinity-nightclub-150x150.jpg 150w, https:\/\/blackletter.cl\/wp-content\/uploads\/2016\/02\/galeria-trinity-nightclub-60x60.jpg 60w, https:\/\/blackletter.cl\/wp-content\/uploads\/2016\/02\/galeria-trinity-nightclub-200x200.jpg 200w\" sizes=\"auto, (max-width: 230px) 100vw, 230px\" \/><\/a>\r\n\t\r\n\t<h3 class=\"vw-post-box-post-title\">\r\n\t\t<a href=\"https:\/\/blackletter.cl\/?p=516\" rel=\"bookmark\">Art on the Rocks<\/a>\r\n\t<\/h3>\r\n\r\n\t<div class=\"vw-post-box-meta vw-post-box-meta-small\">\n\n\t<div class=\"vw-post-meta-left\">\n\t\t\t\t\t<!-- Post date -->\n\t\t\t<a href=\"https:\/\/blackletter.cl\/?p=516\" class=\"vw-post-date updated\" title=\"Permalink to Art on the Rocks\" rel=\"bookmark\"><i class=\"icon-entypo-clock\"><\/i>February 26, 2016<\/a>\n\t\t\t<\/div>\n\n\t<div class=\"vw-post-meta-right\">\n\t\t<span class=\"vw-post-views vw-post-views-id-516\" data-post-id=\"516\"><i class=\"vw-post-views-icon icon-entypo-eye\"><\/i><span class=\"vw-post-views-count\">92<\/span><\/span>\n\t\t\t\t<a href=\"https:\/\/blackletter.cl\/?p=516#respond\" class=\"vw-post-comment-number\"><i class=\"icon-entypo-chat\"><\/i> <span>0<\/span><\/a>\r\n\t\t\t<\/div>\n\t\n\t<div class=\"clearright\"><\/div>\n<\/div>\r\n\t<div class=\"vw-post-box-excerpt\"><p>Ya es tradici\u00f3n en Seattle que el primer jueves de cada mes se realiza un paseo nocturno gratuito por las galer\u00edas en distintos sectores de la ciudad. Y este jueves 3 de marzo Trinity Nightclub se har\u00e1 part\u00edcipe de la bohemia art\u00edstica de Pioneer Square con un evento gratuito que &#8230;<\/p>\n<\/div>\r\n\r\n\t<div class=\"vw-post-box-footer\">\r\n\t\t<a href=\"https:\/\/blackletter.cl\/?p=516\" class=\"vw-read-more\">READ MORE &rarr;<\/a>\r\n\t<\/div>\r\n\r\n<\/div>\t\t\t\t<\/div>\r\n\t\t\t\r\n\t\t\t<\/div>\r\n\t\t<\/div>\r\n\t<\/div>\r\n<\/div>\n","protected":false},"excerpt":{"rendered":"","protected":false},"author":1,"featured_media":0,"parent":0,"menu_order":0,"comment_status":"closed","ping_status":"closed","template":"","meta":{"footnotes":""},"class_list":["post-524","page","type-page","status-publish","hentry","h-entry","has-post-thumbnail"],"wppr_data":[],"_links":{"self":[{"href":"https:\/\/blackletter.cl\/index.php?rest_route=\/wp\/v2\/pages\/524","targetHints":{"allow":["GET"]}}],"collection":[{"href":"https:\/\/blackletter.cl\/index.php?rest_route=\/wp\/v2\/pages"}],"about":[{"href":"https:\/\/blackletter.cl\/index.php?rest_route=\/wp\/v2\/types\/page"}],"author":[{"embeddable":true,"href":"https:\/\/blackletter.cl\/index.php?rest_route=\/wp\/v2\/users\/1"}],"replies":[{"embeddable":true,"href":"https:\/\/blackletter.cl\/index.php?rest_route=%2Fwp%2Fv2%2Fcomments&post=524"}],"version-history":[{"count":3,"href":"https:\/\/blackletter.cl\/index.php?rest_route=\/wp\/v2\/pages\/524\/revisions"}],"predecessor-version":[{"id":645,"href":"https:\/\/blackletter.cl\/index.php?rest_route=\/wp\/v2\/pages\/524\/revisions\/645"}],"wp:attachment":[{"href":"https:\/\/blackletter.cl\/index.php?rest_route=%2Fwp%2Fv2%2Fmedia&parent=524"}],"curies":[{"name":"wp","href":"https:\/\/api.w.org\/{rel}","templated":true}]}}